{"id":791,"date":"2026-03-07T21:46:07","date_gmt":"2026-03-07T21:46:07","guid":{"rendered":"https:\/\/millasydestinos.com\/?page_id=791"},"modified":"2026-03-07T21:47:08","modified_gmt":"2026-03-07T21:47:08","slug":"condiciones-de-uso","status":"publish","type":"page","link":"https:\/\/millasydestinos.com\/pt\/condiciones-de-uso\/","title":{"rendered":"Condiciones de uso"},"content":{"rendered":"<div data-elementor-type=\"wp-page\" data-elementor-id=\"791\" class=\"elementor elementor-791\" data-elementor-post-type=\"page\">\n\t\t\t\t<div class=\"elementor-element elementor-element-38c9b65 e-flex e-con-boxed wpr-particle-no wpr-jarallax-no wpr-parallax-no wpr-sticky-section-no e-con e-parent\" data-id=\"38c9b65\" data-element_type=\"container\" data-e-type=\"container\">\n\t\t\t\t\t<div class=\"e-con-inner\">\n\t\t\t\t<div class=\"elementor-element elementor-element-a1decd6 elementor-widget elementor-widget-text-editor\" data-id=\"a1decd6\" data-element_type=\"widget\" data-e-type=\"widget\" data-widget_type=\"text-editor.default\">\n\t\t\t\t\t\t\t\t\t<p>1. S\u00e9 amable y educado<br \/>Necesitamos unirnos para crear un ambiente acogedor. Tratemos a todos con respeto. Las conversaciones sanas son naturales, pero s\u00e9 amable y educado.<\/p><p>2. No se permiten los discursos de odio ni el acoso<br \/>Todos deben sentirse seguros. No se permite el acoso de ning\u00fan tipo ni se tolerar\u00e1n los comentarios degradantes sobre raza, religi\u00f3n, cultura, orientaci\u00f3n sexual, g\u00e9nero o identidad.<\/p><p>3. No se permite la promoci\u00f3n ni el spam<br \/>No se permite la autopromoci\u00f3n, el spam ni los enlaces irrelevantes.<\/p><p>4. Enlaces<br \/>Una vez que abandones nuestro sitio o seas redirigido a una aplicaci\u00f3n o sitio web de terceros, dejar\u00e1s de estar sujeto a nuestra Pol\u00edtica de Privacidad ni a las Condiciones de Servicio de nuestro sitio web. Al hacer clic en enlaces de nuestro sitio, es posible que te dirijan fuera del mismo. No nos hacemos responsables de las pr\u00e1cticas de privacidad de otros sitios y te recomendamos leer sus declaraciones de privacidad. Passageiro de Primeira no vende billetes, estancias de hotel, tarjetas SIM ni millas de viajero frecuente.<\/p>\t\t\t\t\t\t\t\t<\/div>\n\t\t\t\t\t<\/div>\n\t\t\t\t<\/div>\n\t\t\t\t<\/div>","protected":false},"excerpt":{"rendered":"<p>1. S\u00e9 amable y educadoNecesitamos unirnos para crear un ambiente acogedor. Tratemos a todos con respeto. Las conversaciones sanas son naturales, pero s\u00e9 amable y educado. 2. No se permiten los discursos de odio ni el acosoTodos deben sentirse seguros. No se permite el acoso de ning\u00fan tipo ni se tolerar\u00e1n los comentarios degradantes sobre raza, religi\u00f3n, cultura, orientaci\u00f3n sexual, g\u00e9nero o identidad. 3. No se permite la promoci\u00f3n ni el spamNo se permite la autopromoci\u00f3n, el spam ni los enlaces irrelevantes. 4. EnlacesUna vez que abandones nuestro sitio o seas redirigido a una aplicaci\u00f3n o sitio web de terceros, dejar\u00e1s de estar sujeto a nuestra Pol\u00edtica de Privacidad ni a las Condiciones de Servicio de nuestro sitio web. Al hacer clic en enlaces de nuestro sitio, es posible que te dirijan fuera del mismo. No nos hacemos responsables de las pr\u00e1cticas de privacidad de otros sitios y te recomendamos leer sus declaraciones de privacidad. Passageiro de Primeira no vende billetes, estancias de hotel, tarjetas SIM ni millas de viajero frecuente.<\/p>","protected":false},"author":1,"featured_media":0,"parent":0,"menu_order":0,"comment_status":"closed","ping_status":"closed","template":"","meta":{"site-sidebar-layout":"no-sidebar","site-content-layout":"","ast-site-content-layout":"full-width-container","site-content-style":"default","site-sidebar-style":"default","ast-global-header-display":"","ast-banner-title-visibility":"","ast-main-header-display":"","ast-hfb-above-header-display":"","ast-hfb-below-header-display":"","ast-hfb-mobile-header-display":"","site-post-title":"","ast-breadcrumbs-content":"","ast-featured-img":"disabled","footer-sml-layout":"","ast-disable-related-posts":"","theme-transparent-header-meta":"","adv-header-id-meta":"","stick-header-meta":"","header-above-stick-meta":"","header-main-stick-meta":"","header-below-stick-meta":"","astra-migrate-meta-layouts":"default","ast-page-background-enabled":"default","ast-page-background-meta":{"desktop":{"background-color":"var(--ast-global-color-5)","background-image":"","background-repeat":"repeat","background-position":"center center","background-size":"auto","background-attachment":"scroll","background-type":"","background-media":"","overlay-type":"","overlay-color":"","overlay-opacity":"","overlay-gradient":""},"tablet":{"background-color":"","background-image":"","background-repeat":"repeat","background-position":"center center","background-size":"auto","background-attachment":"scroll","background-type":"","background-media":"","overlay-type":"","overlay-color":"","overlay-opacity":"","overlay-gradient":""},"mobile":{"background-color":"","background-image":"","background-repeat":"repeat","background-position":"center center","background-size":"auto","background-attachment":"scroll","background-type":"","background-media":"","overlay-type":"","overlay-color":"","overlay-opacity":"","overlay-gradient":""}},"ast-content-background-meta":{"desktop":{"background-color":"var(--ast-global-color-4)","background-image":"","background-repeat":"repeat","background-position":"center center","background-size":"auto","background-attachment":"scroll","background-type":"","background-media":"","overlay-type":"","overlay-color":"","overlay-opacity":"","overlay-gradient":""},"tablet":{"background-color":"var(--ast-global-color-4)","background-image":"","background-repeat":"repeat","background-position":"center center","background-size":"auto","background-attachment":"scroll","background-type":"","background-media":"","overlay-type":"","overlay-color":"","overlay-opacity":"","overlay-gradient":""},"mobile":{"background-color":"var(--ast-global-color-4)","background-image":"","background-repeat":"repeat","background-position":"center center","background-size":"auto","background-attachment":"scroll","background-type":"","background-media":"","overlay-type":"","overlay-color":"","overlay-opacity":"","overlay-gradient":""}},"footnotes":""},"class_list":["post-791","page","type-page","status-publish","hentry"],"yoast_head":"<!-- This site is optimized with the Yoast SEO Premium plugin v25.0 (Yoast SEO v27.1.1) - https:\/\/yoast.com\/product\/yoast-seo-premium-wordpress\/ -->\n<title>Condiciones de uso - Millas y Destinos<\/title>\n<meta name=\"robots\" content=\"index, follow, max-snippet:-1, max-image-preview:large, max-video-preview:-1\" \/>\n<link rel=\"canonical\" href=\"https:\/\/millasydestinos.com\/pt\/condiciones-de-uso\/\" \/>\n<meta property=\"og:locale\" content=\"pt_BR\" \/>\n<meta property=\"og:type\" content=\"article\" \/>\n<meta property=\"og:title\" content=\"Condiciones de uso\" \/>\n<meta property=\"og:description\" content=\"1. S\u00e9 amable y educadoNecesitamos unirnos para crear un ambiente acogedor. Tratemos a todos con respeto. Las conversaciones sanas son naturales, pero s\u00e9 amable y educado. 2. No se permiten los discursos de odio ni el acosoTodos deben sentirse seguros. No se permite el acoso de ning\u00fan tipo ni se tolerar\u00e1n los comentarios degradantes sobre raza, religi\u00f3n, cultura, orientaci\u00f3n sexual, g\u00e9nero o identidad. 3. No se permite la promoci\u00f3n ni el spamNo se permite la autopromoci\u00f3n, el spam ni los enlaces irrelevantes. 4. EnlacesUna vez que abandones nuestro sitio o seas redirigido a una aplicaci\u00f3n o sitio web de terceros, dejar\u00e1s de estar sujeto a nuestra Pol\u00edtica de Privacidad ni a las Condiciones de Servicio de nuestro sitio web. Al hacer clic en enlaces de nuestro sitio, es posible que te dirijan fuera del mismo. No nos hacemos responsables de las pr\u00e1cticas de privacidad de otros sitios y te recomendamos leer sus declaraciones de privacidad. Passageiro de Primeira no vende billetes, estancias de hotel, tarjetas SIM ni millas de viajero frecuente.\" \/>\n<meta property=\"og:url\" content=\"https:\/\/millasydestinos.com\/pt\/condiciones-de-uso\/\" \/>\n<meta property=\"og:site_name\" content=\"Millas y Destinos\" \/>\n<meta property=\"article:modified_time\" content=\"2026-03-07T21:47:08+00:00\" \/>\n<meta name=\"twitter:card\" content=\"summary_large_image\" \/>\n<meta name=\"twitter:label1\" content=\"Est. tempo de leitura\" \/>\n\t<meta name=\"twitter:data1\" content=\"1 minuto\" \/>\n<script type=\"application\/ld+json\" class=\"yoast-schema-graph\">{\"@context\":\"https:\/\/schema.org\",\"@graph\":[{\"@type\":\"WebPage\",\"@id\":\"https:\/\/millasydestinos.com\/condiciones-de-uso\/\",\"url\":\"https:\/\/millasydestinos.com\/condiciones-de-uso\/\",\"name\":\"Condiciones de uso - Millas y Destinos\",\"isPartOf\":{\"@id\":\"https:\/\/millasydestinos.com\/#website\"},\"datePublished\":\"2026-03-07T21:46:07+00:00\",\"dateModified\":\"2026-03-07T21:47:08+00:00\",\"breadcrumb\":{\"@id\":\"https:\/\/millasydestinos.com\/condiciones-de-uso\/#breadcrumb\"},\"inLanguage\":\"pt-BR\",\"potentialAction\":[{\"@type\":\"ReadAction\",\"target\":[\"https:\/\/millasydestinos.com\/condiciones-de-uso\/\"]}]},{\"@type\":\"BreadcrumbList\",\"@id\":\"https:\/\/millasydestinos.com\/condiciones-de-uso\/#breadcrumb\",\"itemListElement\":[{\"@type\":\"ListItem\",\"position\":1,\"name\":\"Home\",\"item\":\"https:\/\/millasydestinos.com\/\"},{\"@type\":\"ListItem\",\"position\":2,\"name\":\"Condiciones de uso\"}]},{\"@type\":\"WebSite\",\"@id\":\"https:\/\/millasydestinos.com\/#website\",\"url\":\"https:\/\/millasydestinos.com\/\",\"name\":\"Millas y Destinos\",\"description\":\"\",\"publisher\":{\"@id\":\"https:\/\/millasydestinos.com\/#organization\"},\"potentialAction\":[{\"@type\":\"SearchAction\",\"target\":{\"@type\":\"EntryPoint\",\"urlTemplate\":\"https:\/\/millasydestinos.com\/?s={search_term_string}\"},\"query-input\":{\"@type\":\"PropertyValueSpecification\",\"valueRequired\":true,\"valueName\":\"search_term_string\"}}],\"inLanguage\":\"pt-BR\"},{\"@type\":\"Organization\",\"@id\":\"https:\/\/millasydestinos.com\/#organization\",\"name\":\"Millas y Destinos\",\"url\":\"https:\/\/millasydestinos.com\/\",\"logo\":{\"@type\":\"ImageObject\",\"inLanguage\":\"pt-BR\",\"@id\":\"https:\/\/millasydestinos.com\/#\/schema\/logo\/image\/\",\"url\":\"https:\/\/millasydestinos.com\/wp-content\/uploads\/2026\/03\/ar_academy_fly_clea_color-1.png\",\"contentUrl\":\"https:\/\/millasydestinos.com\/wp-content\/uploads\/2026\/03\/ar_academy_fly_clea_color-1.png\",\"width\":1500,\"height\":1920,\"caption\":\"Millas y Destinos\"},\"image\":{\"@id\":\"https:\/\/millasydestinos.com\/#\/schema\/logo\/image\/\"}}]}<\/script>\n<!-- \/ Yoast SEO Premium plugin. -->","yoast_head_json":{"title":"Condiciones de uso - Millas y Destinos","robots":{"index":"index","follow":"follow","max-snippet":"max-snippet:-1","max-image-preview":"max-image-preview:large","max-video-preview":"max-video-preview:-1"},"canonical":"https:\/\/millasydestinos.com\/pt\/condiciones-de-uso\/","og_locale":"pt_BR","og_type":"article","og_title":"Condiciones de uso","og_description":"1. S\u00e9 amable y educadoNecesitamos unirnos para crear un ambiente acogedor. Tratemos a todos con respeto. Las conversaciones sanas son naturales, pero s\u00e9 amable y educado. 2. No se permiten los discursos de odio ni el acosoTodos deben sentirse seguros. No se permite el acoso de ning\u00fan tipo ni se tolerar\u00e1n los comentarios degradantes sobre raza, religi\u00f3n, cultura, orientaci\u00f3n sexual, g\u00e9nero o identidad. 3. No se permite la promoci\u00f3n ni el spamNo se permite la autopromoci\u00f3n, el spam ni los enlaces irrelevantes. 4. EnlacesUna vez que abandones nuestro sitio o seas redirigido a una aplicaci\u00f3n o sitio web de terceros, dejar\u00e1s de estar sujeto a nuestra Pol\u00edtica de Privacidad ni a las Condiciones de Servicio de nuestro sitio web. Al hacer clic en enlaces de nuestro sitio, es posible que te dirijan fuera del mismo. No nos hacemos responsables de las pr\u00e1cticas de privacidad de otros sitios y te recomendamos leer sus declaraciones de privacidad. Passageiro de Primeira no vende billetes, estancias de hotel, tarjetas SIM ni millas de viajero frecuente.","og_url":"https:\/\/millasydestinos.com\/pt\/condiciones-de-uso\/","og_site_name":"Millas y Destinos","article_modified_time":"2026-03-07T21:47:08+00:00","twitter_card":"summary_large_image","twitter_misc":{"Est. tempo de leitura":"1 minuto"},"schema":{"@context":"https:\/\/schema.org","@graph":[{"@type":"WebPage","@id":"https:\/\/millasydestinos.com\/condiciones-de-uso\/","url":"https:\/\/millasydestinos.com\/condiciones-de-uso\/","name":"Condiciones de uso - Millas y Destinos","isPartOf":{"@id":"https:\/\/millasydestinos.com\/#website"},"datePublished":"2026-03-07T21:46:07+00:00","dateModified":"2026-03-07T21:47:08+00:00","breadcrumb":{"@id":"https:\/\/millasydestinos.com\/condiciones-de-uso\/#breadcrumb"},"inLanguage":"pt-BR","potentialAction":[{"@type":"ReadAction","target":["https:\/\/millasydestinos.com\/condiciones-de-uso\/"]}]},{"@type":"BreadcrumbList","@id":"https:\/\/millasydestinos.com\/condiciones-de-uso\/#breadcrumb","itemListElement":[{"@type":"ListItem","position":1,"name":"Home","item":"https:\/\/millasydestinos.com\/"},{"@type":"ListItem","position":2,"name":"Condiciones de uso"}]},{"@type":"WebSite","@id":"https:\/\/millasydestinos.com\/#website","url":"https:\/\/millasydestinos.com\/","name":"Millas y Destinos","description":"","publisher":{"@id":"https:\/\/millasydestinos.com\/#organization"},"potentialAction":[{"@type":"SearchAction","target":{"@type":"EntryPoint","urlTemplate":"https:\/\/millasydestinos.com\/?s={search_term_string}"},"query-input":{"@type":"PropertyValueSpecification","valueRequired":true,"valueName":"search_term_string"}}],"inLanguage":"pt-BR"},{"@type":"Organization","@id":"https:\/\/millasydestinos.com\/#organization","name":"Millas y Destinos","url":"https:\/\/millasydestinos.com\/","logo":{"@type":"ImageObject","inLanguage":"pt-BR","@id":"https:\/\/millasydestinos.com\/#\/schema\/logo\/image\/","url":"https:\/\/millasydestinos.com\/wp-content\/uploads\/2026\/03\/ar_academy_fly_clea_color-1.png","contentUrl":"https:\/\/millasydestinos.com\/wp-content\/uploads\/2026\/03\/ar_academy_fly_clea_color-1.png","width":1500,"height":1920,"caption":"Millas y Destinos"},"image":{"@id":"https:\/\/millasydestinos.com\/#\/schema\/logo\/image\/"}}]}},"acf":[],"_links":{"self":[{"href":"https:\/\/millasydestinos.com\/pt\/wp-json\/wp\/v2\/pages\/791","targetHints":{"allow":["GET"]}}],"collection":[{"href":"https:\/\/millasydestinos.com\/pt\/wp-json\/wp\/v2\/pages"}],"about":[{"href":"https:\/\/millasydestinos.com\/pt\/wp-json\/wp\/v2\/types\/page"}],"author":[{"embeddable":true,"href":"https:\/\/millasydestinos.com\/pt\/wp-json\/wp\/v2\/users\/1"}],"replies":[{"embeddable":true,"href":"https:\/\/millasydestinos.com\/pt\/wp-json\/wp\/v2\/comments?post=791"}],"version-history":[{"count":4,"href":"https:\/\/millasydestinos.com\/pt\/wp-json\/wp\/v2\/pages\/791\/revisions"}],"predecessor-version":[{"id":795,"href":"https:\/\/millasydestinos.com\/pt\/wp-json\/wp\/v2\/pages\/791\/revisions\/795"}],"wp:attachment":[{"href":"https:\/\/millasydestinos.com\/pt\/wp-json\/wp\/v2\/media?parent=791"}],"curies":[{"name":"wp","href":"https:\/\/api.w.org\/{rel}","templated":true}]}}