{"id":944,"date":"2026-03-09T00:27:40","date_gmt":"2026-03-09T00:27:40","guid":{"rendered":"https:\/\/millasydestinos.com\/?page_id=944"},"modified":"2026-03-09T00:35:19","modified_gmt":"2026-03-09T00:35:19","slug":"aristoclea-rodrigues","status":"publish","type":"page","link":"https:\/\/millasydestinos.com\/pt\/aristoclea-rodrigues\/","title":{"rendered":"Aristoclea Rodrigues"},"content":{"rendered":"<div data-elementor-type=\"wp-page\" data-elementor-id=\"944\" class=\"elementor elementor-944\" data-elementor-post-type=\"page\">\n\t\t\t\t<div class=\"elementor-element elementor-element-c3aabee e-flex e-con-boxed wpr-particle-no wpr-jarallax-no wpr-parallax-no wpr-sticky-section-no e-con e-parent\" data-id=\"c3aabee\" data-element_type=\"container\" data-e-type=\"container\">\n\t\t\t\t\t<div class=\"e-con-inner\">\n\t\t<div class=\"elementor-element elementor-element-4c2e673 e-con-full e-flex wpr-particle-no wpr-jarallax-no wpr-parallax-no wpr-sticky-section-no e-con e-child\" data-id=\"4c2e673\" data-element_type=\"container\" data-e-type=\"container\">\n\t\t\t\t<div class=\"elementor-element elementor-element-bbc35f6 elementor-widget elementor-widget-image\" data-id=\"bbc35f6\" data-element_type=\"widget\" data-e-type=\"widget\" data-widget_type=\"image.default\">\n\t\t\t\t\t\t\t\t\t\t\t\t\t\t\t<img fetchpriority=\"high\" decoding=\"async\" width=\"1024\" height=\"1024\" src=\"https:\/\/millasydestinos.com\/wp-content\/uploads\/2023\/06\/millas_y_destinos_clea_avatar-1024x1024.png\" class=\"attachment-large size-large wp-image-924\" alt=\"\" srcset=\"https:\/\/millasydestinos.com\/wp-content\/uploads\/2023\/06\/millas_y_destinos_clea_avatar-1024x1024.png 1024w, https:\/\/millasydestinos.com\/wp-content\/uploads\/2023\/06\/millas_y_destinos_clea_avatar-300x300.png 300w, https:\/\/millasydestinos.com\/wp-content\/uploads\/2023\/06\/millas_y_destinos_clea_avatar-150x150.png 150w, https:\/\/millasydestinos.com\/wp-content\/uploads\/2023\/06\/millas_y_destinos_clea_avatar-768x768.png 768w, https:\/\/millasydestinos.com\/wp-content\/uploads\/2023\/06\/millas_y_destinos_clea_avatar.png 1500w\" sizes=\"(max-width: 1024px) 100vw, 1024px\" \/>\t\t\t\t\t\t\t\t\t\t\t\t\t\t\t<\/div>\n\t\t\t\t<\/div>\n\t\t<div class=\"elementor-element elementor-element-76e4308 e-con-full e-flex wpr-particle-no wpr-jarallax-no wpr-parallax-no wpr-sticky-section-no e-con e-child\" data-id=\"76e4308\" data-element_type=\"container\" data-e-type=\"container\">\n\t\t\t\t<div class=\"elementor-element elementor-element-cb14530 elementor-widget elementor-widget-text-editor\" data-id=\"cb14530\" data-element_type=\"widget\" data-e-type=\"widget\" data-widget_type=\"text-editor.default\">\n\t\t\t\t\t\t\t\t\t<p>Soy Aristoclea Rodrigues, fundadora de AR Academy Fly y especialista en viajes inteligentes. Durante a\u00f1os aprend\u00ed y apliqu\u00e9 estrategias para transformar gastos cotidianos en boletos a\u00e9reos, creando un m\u00e9todo simple que ya ha ayudado a muchas personas a viajar sin afectar su presupuesto.<\/p><p>Mi misi\u00f3n es demostrar que cualquier persona puede aprender a acumular millas, incluso sin tarjeta de cr\u00e9dito, y convertir sus gastos diarios en oportunidades reales para conocer el mundo. Porque viajar no es un privilegio, es el resultado de una estrategia inteligente.<\/p>\t\t\t\t\t\t\t\t<\/div>\n\t\t\t\t<\/div>\n\t\t\t\t\t<\/div>\n\t\t\t\t<\/div>\n\t\t\t\t<\/div>","protected":false},"excerpt":{"rendered":"<p>Soy Aristoclea Rodrigues, fundadora de AR Academy Fly y especialista en viajes inteligentes. Durante a\u00f1os aprend\u00ed y apliqu\u00e9 estrategias para transformar gastos cotidianos en boletos a\u00e9reos, creando un m\u00e9todo simple que ya ha ayudado a muchas personas a viajar sin afectar su presupuesto. Mi misi\u00f3n es demostrar que cualquier persona puede aprender a acumular millas, incluso sin tarjeta de cr\u00e9dito, y convertir sus gastos diarios en oportunidades reales para conocer el mundo. Porque viajar no es un privilegio, es el resultado de una estrategia inteligente.<\/p>","protected":false},"author":1,"featured_media":0,"parent":0,"menu_order":0,"comment_status":"closed","ping_status":"closed","template":"","meta":{"site-sidebar-layout":"no-sidebar","site-content-layout":"","ast-site-content-layout":"full-width-container","site-content-style":"default","site-sidebar-style":"default","ast-global-header-display":"","ast-banner-title-visibility":"","ast-main-header-display":"","ast-hfb-above-header-display":"","ast-hfb-below-header-display":"","ast-hfb-mobile-header-display":"","site-post-title":"","ast-breadcrumbs-content":"","ast-featured-img":"disabled","footer-sml-layout":"","ast-disable-related-posts":"","theme-transparent-header-meta":"","adv-header-id-meta":"","stick-header-meta":"","header-above-stick-meta":"","header-main-stick-meta":"","header-below-stick-meta":"","astra-migrate-meta-layouts":"default","ast-page-background-enabled":"default","ast-page-background-meta":{"desktop":{"background-color":"var(--ast-global-color-5)","background-image":"","background-repeat":"repeat","background-position":"center center","background-size":"auto","background-attachment":"scroll","background-type":"","background-media":"","overlay-type":"","overlay-color":"","overlay-opacity":"","overlay-gradient":""},"tablet":{"background-color":"","background-image":"","background-repeat":"repeat","background-position":"center center","background-size":"auto","background-attachment":"scroll","background-type":"","background-media":"","overlay-type":"","overlay-color":"","overlay-opacity":"","overlay-gradient":""},"mobile":{"background-color":"","background-image":"","background-repeat":"repeat","background-position":"center center","background-size":"auto","background-attachment":"scroll","background-type":"","background-media":"","overlay-type":"","overlay-color":"","overlay-opacity":"","overlay-gradient":""}},"ast-content-background-meta":{"desktop":{"background-color":"var(--ast-global-color-4)","background-image":"","background-repeat":"repeat","background-position":"center center","background-size":"auto","background-attachment":"scroll","background-type":"","background-media":"","overlay-type":"","overlay-color":"","overlay-opacity":"","overlay-gradient":""},"tablet":{"background-color":"var(--ast-global-color-4)","background-image":"","background-repeat":"repeat","background-position":"center center","background-size":"auto","background-attachment":"scroll","background-type":"","background-media":"","overlay-type":"","overlay-color":"","overlay-opacity":"","overlay-gradient":""},"mobile":{"background-color":"var(--ast-global-color-4)","background-image":"","background-repeat":"repeat","background-position":"center center","background-size":"auto","background-attachment":"scroll","background-type":"","background-media":"","overlay-type":"","overlay-color":"","overlay-opacity":"","overlay-gradient":""}},"footnotes":""},"class_list":["post-944","page","type-page","status-publish","hentry"],"yoast_head":"<!-- This site is optimized with the Yoast SEO Premium plugin v25.0 (Yoast SEO v27.1.1) - https:\/\/yoast.com\/product\/yoast-seo-premium-wordpress\/ -->\n<title>Aristoclea Rodrigues - Millas y Destinos<\/title>\n<meta name=\"robots\" content=\"index, follow, max-snippet:-1, max-image-preview:large, max-video-preview:-1\" \/>\n<link rel=\"canonical\" href=\"https:\/\/millasydestinos.com\/pt\/aristoclea-rodrigues\/\" \/>\n<meta property=\"og:locale\" content=\"pt_BR\" \/>\n<meta property=\"og:type\" content=\"article\" \/>\n<meta property=\"og:title\" content=\"Aristoclea Rodrigues\" \/>\n<meta property=\"og:description\" content=\"Soy Aristoclea Rodrigues, fundadora de AR Academy Fly y especialista en viajes inteligentes. Durante a\u00f1os aprend\u00ed y apliqu\u00e9 estrategias para transformar gastos cotidianos en boletos a\u00e9reos, creando un m\u00e9todo simple que ya ha ayudado a muchas personas a viajar sin afectar su presupuesto. Mi misi\u00f3n es demostrar que cualquier persona puede aprender a acumular millas, incluso sin tarjeta de cr\u00e9dito, y convertir sus gastos diarios en oportunidades reales para conocer el mundo. Porque viajar no es un privilegio, es el resultado de una estrategia inteligente.\" \/>\n<meta property=\"og:url\" content=\"https:\/\/millasydestinos.com\/pt\/aristoclea-rodrigues\/\" \/>\n<meta property=\"og:site_name\" content=\"Millas y Destinos\" \/>\n<meta property=\"article:modified_time\" content=\"2026-03-09T00:35:19+00:00\" \/>\n<meta property=\"og:image\" content=\"https:\/\/millasydestinos.com\/wp-content\/uploads\/2023\/06\/millas_y_destinos_clea_avatar-1024x1024.png\" \/>\n<meta name=\"twitter:card\" content=\"summary_large_image\" \/>\n<meta name=\"twitter:label1\" content=\"Est. tempo de leitura\" \/>\n\t<meta name=\"twitter:data1\" content=\"1 minuto\" \/>\n<script type=\"application\/ld+json\" class=\"yoast-schema-graph\">{\"@context\":\"https:\/\/schema.org\",\"@graph\":[{\"@type\":\"WebPage\",\"@id\":\"https:\/\/millasydestinos.com\/aristoclea-rodrigues\/\",\"url\":\"https:\/\/millasydestinos.com\/aristoclea-rodrigues\/\",\"name\":\"Aristoclea Rodrigues - Millas y Destinos\",\"isPartOf\":{\"@id\":\"https:\/\/millasydestinos.com\/#website\"},\"primaryImageOfPage\":{\"@id\":\"https:\/\/millasydestinos.com\/aristoclea-rodrigues\/#primaryimage\"},\"image\":{\"@id\":\"https:\/\/millasydestinos.com\/aristoclea-rodrigues\/#primaryimage\"},\"thumbnailUrl\":\"https:\/\/millasydestinos.com\/wp-content\/uploads\/2023\/06\/millas_y_destinos_clea_avatar-1024x1024.png\",\"datePublished\":\"2026-03-09T00:27:40+00:00\",\"dateModified\":\"2026-03-09T00:35:19+00:00\",\"breadcrumb\":{\"@id\":\"https:\/\/millasydestinos.com\/aristoclea-rodrigues\/#breadcrumb\"},\"inLanguage\":\"pt-BR\",\"potentialAction\":[{\"@type\":\"ReadAction\",\"target\":[\"https:\/\/millasydestinos.com\/aristoclea-rodrigues\/\"]}]},{\"@type\":\"ImageObject\",\"inLanguage\":\"pt-BR\",\"@id\":\"https:\/\/millasydestinos.com\/aristoclea-rodrigues\/#primaryimage\",\"url\":\"https:\/\/millasydestinos.com\/wp-content\/uploads\/2023\/06\/millas_y_destinos_clea_avatar-1024x1024.png\",\"contentUrl\":\"https:\/\/millasydestinos.com\/wp-content\/uploads\/2023\/06\/millas_y_destinos_clea_avatar-1024x1024.png\"},{\"@type\":\"BreadcrumbList\",\"@id\":\"https:\/\/millasydestinos.com\/aristoclea-rodrigues\/#breadcrumb\",\"itemListElement\":[{\"@type\":\"ListItem\",\"position\":1,\"name\":\"Home\",\"item\":\"https:\/\/millasydestinos.com\/\"},{\"@type\":\"ListItem\",\"position\":2,\"name\":\"Aristoclea Rodrigues\"}]},{\"@type\":\"WebSite\",\"@id\":\"https:\/\/millasydestinos.com\/#website\",\"url\":\"https:\/\/millasydestinos.com\/\",\"name\":\"Millas y Destinos\",\"description\":\"\",\"publisher\":{\"@id\":\"https:\/\/millasydestinos.com\/#organization\"},\"potentialAction\":[{\"@type\":\"SearchAction\",\"target\":{\"@type\":\"EntryPoint\",\"urlTemplate\":\"https:\/\/millasydestinos.com\/?s={search_term_string}\"},\"query-input\":{\"@type\":\"PropertyValueSpecification\",\"valueRequired\":true,\"valueName\":\"search_term_string\"}}],\"inLanguage\":\"pt-BR\"},{\"@type\":\"Organization\",\"@id\":\"https:\/\/millasydestinos.com\/#organization\",\"name\":\"Millas y Destinos\",\"url\":\"https:\/\/millasydestinos.com\/\",\"logo\":{\"@type\":\"ImageObject\",\"inLanguage\":\"pt-BR\",\"@id\":\"https:\/\/millasydestinos.com\/#\/schema\/logo\/image\/\",\"url\":\"https:\/\/millasydestinos.com\/wp-content\/uploads\/2026\/03\/ar_academy_fly_clea_color-1.png\",\"contentUrl\":\"https:\/\/millasydestinos.com\/wp-content\/uploads\/2026\/03\/ar_academy_fly_clea_color-1.png\",\"width\":1500,\"height\":1920,\"caption\":\"Millas y Destinos\"},\"image\":{\"@id\":\"https:\/\/millasydestinos.com\/#\/schema\/logo\/image\/\"}}]}<\/script>\n<!-- \/ Yoast SEO Premium plugin. -->","yoast_head_json":{"title":"Aristoclea Rodrigues - Millas y Destinos","robots":{"index":"index","follow":"follow","max-snippet":"max-snippet:-1","max-image-preview":"max-image-preview:large","max-video-preview":"max-video-preview:-1"},"canonical":"https:\/\/millasydestinos.com\/pt\/aristoclea-rodrigues\/","og_locale":"pt_BR","og_type":"article","og_title":"Aristoclea Rodrigues","og_description":"Soy Aristoclea Rodrigues, fundadora de AR Academy Fly y especialista en viajes inteligentes. Durante a\u00f1os aprend\u00ed y apliqu\u00e9 estrategias para transformar gastos cotidianos en boletos a\u00e9reos, creando un m\u00e9todo simple que ya ha ayudado a muchas personas a viajar sin afectar su presupuesto. Mi misi\u00f3n es demostrar que cualquier persona puede aprender a acumular millas, incluso sin tarjeta de cr\u00e9dito, y convertir sus gastos diarios en oportunidades reales para conocer el mundo. Porque viajar no es un privilegio, es el resultado de una estrategia inteligente.","og_url":"https:\/\/millasydestinos.com\/pt\/aristoclea-rodrigues\/","og_site_name":"Millas y Destinos","article_modified_time":"2026-03-09T00:35:19+00:00","og_image":[{"url":"https:\/\/millasydestinos.com\/wp-content\/uploads\/2023\/06\/millas_y_destinos_clea_avatar-1024x1024.png","type":"","width":"","height":""}],"twitter_card":"summary_large_image","twitter_misc":{"Est. tempo de leitura":"1 minuto"},"schema":{"@context":"https:\/\/schema.org","@graph":[{"@type":"WebPage","@id":"https:\/\/millasydestinos.com\/aristoclea-rodrigues\/","url":"https:\/\/millasydestinos.com\/aristoclea-rodrigues\/","name":"Aristoclea Rodrigues - Millas y Destinos","isPartOf":{"@id":"https:\/\/millasydestinos.com\/#website"},"primaryImageOfPage":{"@id":"https:\/\/millasydestinos.com\/aristoclea-rodrigues\/#primaryimage"},"image":{"@id":"https:\/\/millasydestinos.com\/aristoclea-rodrigues\/#primaryimage"},"thumbnailUrl":"https:\/\/millasydestinos.com\/wp-content\/uploads\/2023\/06\/millas_y_destinos_clea_avatar-1024x1024.png","datePublished":"2026-03-09T00:27:40+00:00","dateModified":"2026-03-09T00:35:19+00:00","breadcrumb":{"@id":"https:\/\/millasydestinos.com\/aristoclea-rodrigues\/#breadcrumb"},"inLanguage":"pt-BR","potentialAction":[{"@type":"ReadAction","target":["https:\/\/millasydestinos.com\/aristoclea-rodrigues\/"]}]},{"@type":"ImageObject","inLanguage":"pt-BR","@id":"https:\/\/millasydestinos.com\/aristoclea-rodrigues\/#primaryimage","url":"https:\/\/millasydestinos.com\/wp-content\/uploads\/2023\/06\/millas_y_destinos_clea_avatar-1024x1024.png","contentUrl":"https:\/\/millasydestinos.com\/wp-content\/uploads\/2023\/06\/millas_y_destinos_clea_avatar-1024x1024.png"},{"@type":"BreadcrumbList","@id":"https:\/\/millasydestinos.com\/aristoclea-rodrigues\/#breadcrumb","itemListElement":[{"@type":"ListItem","position":1,"name":"Home","item":"https:\/\/millasydestinos.com\/"},{"@type":"ListItem","position":2,"name":"Aristoclea Rodrigues"}]},{"@type":"WebSite","@id":"https:\/\/millasydestinos.com\/#website","url":"https:\/\/millasydestinos.com\/","name":"Millas y Destinos","description":"","publisher":{"@id":"https:\/\/millasydestinos.com\/#organization"},"potentialAction":[{"@type":"SearchAction","target":{"@type":"EntryPoint","urlTemplate":"https:\/\/millasydestinos.com\/?s={search_term_string}"},"query-input":{"@type":"PropertyValueSpecification","valueRequired":true,"valueName":"search_term_string"}}],"inLanguage":"pt-BR"},{"@type":"Organization","@id":"https:\/\/millasydestinos.com\/#organization","name":"Millas y Destinos","url":"https:\/\/millasydestinos.com\/","logo":{"@type":"ImageObject","inLanguage":"pt-BR","@id":"https:\/\/millasydestinos.com\/#\/schema\/logo\/image\/","url":"https:\/\/millasydestinos.com\/wp-content\/uploads\/2026\/03\/ar_academy_fly_clea_color-1.png","contentUrl":"https:\/\/millasydestinos.com\/wp-content\/uploads\/2026\/03\/ar_academy_fly_clea_color-1.png","width":1500,"height":1920,"caption":"Millas y Destinos"},"image":{"@id":"https:\/\/millasydestinos.com\/#\/schema\/logo\/image\/"}}]}},"acf":[],"_links":{"self":[{"href":"https:\/\/millasydestinos.com\/pt\/wp-json\/wp\/v2\/pages\/944","targetHints":{"allow":["GET"]}}],"collection":[{"href":"https:\/\/millasydestinos.com\/pt\/wp-json\/wp\/v2\/pages"}],"about":[{"href":"https:\/\/millasydestinos.com\/pt\/wp-json\/wp\/v2\/types\/page"}],"author":[{"embeddable":true,"href":"https:\/\/millasydestinos.com\/pt\/wp-json\/wp\/v2\/users\/1"}],"replies":[{"embeddable":true,"href":"https:\/\/millasydestinos.com\/pt\/wp-json\/wp\/v2\/comments?post=944"}],"version-history":[{"count":7,"href":"https:\/\/millasydestinos.com\/pt\/wp-json\/wp\/v2\/pages\/944\/revisions"}],"predecessor-version":[{"id":952,"href":"https:\/\/millasydestinos.com\/pt\/wp-json\/wp\/v2\/pages\/944\/revisions\/952"}],"wp:attachment":[{"href":"https:\/\/millasydestinos.com\/pt\/wp-json\/wp\/v2\/media?parent=944"}],"curies":[{"name":"wp","href":"https:\/\/api.w.org\/{rel}","templated":true}]}}